{"id":82,"date":"2021-02-03T16:39:31","date_gmt":"2021-02-03T15:39:31","guid":{"rendered":"http:\/\/iwrbgjp.cluster030.hosting.ovh.net\/?page_id=82"},"modified":"2022-11-17T15:07:26","modified_gmt":"2022-11-17T14:07:26","slug":"qui-sommes-nous","status":"publish","type":"page","link":"https:\/\/grenoble-oxford.org\/index.php\/qui-sommes-nous\/","title":{"rendered":"Qui sommes nous ?"},"content":{"rendered":"\t\t<div data-elementor-type=\"wp-page\" data-elementor-id=\"82\" class=\"elementor elementor-82\">\n\t\t\t\t\t\t\t\t\t<section class=\"elementor-section elementor-top-section elementor-element elementor-element-5ac4f86e elementor-section-boxed elementor-section-height-default elementor-section-height-default\" data-id=\"5ac4f86e\" data-element_type=\"section\">\n\t\t\t\t\t\t<div class=\"elementor-container elementor-column-gap-no\">\n\t\t\t\t\t<div class=\"elementor-column elementor-col-50 elementor-top-column elementor-element elementor-element-66840bb\" data-id=\"66840bb\" data-element_type=\"column\">\n\t\t\t<div class=\"elementor-widget-wrap elementor-element-populated\">\n\t\t\t\t\t\t\t\t<div class=\"elementor-element elementor-element-1ee5600c elementor-widget elementor-widget-image\" data-id=\"1ee5600c\" data-element_type=\"widget\" data-widget_type=\"image.default\">\n\t\t\t\t<div class=\"elementor-widget-container\">\n\t\t\t\t\t\t\t\t\t\t\t\t\t\t\t<img loading=\"lazy\" decoding=\"async\" width=\"1049\" height=\"1455\" src=\"https:\/\/grenoble-oxford.org\/wp-content\/uploads\/2021\/02\/123.png\" class=\"attachment-full size-full wp-image-94\" alt=\"\" srcset=\"https:\/\/grenoble-oxford.org\/wp-content\/uploads\/2021\/02\/123.png 1049w, https:\/\/grenoble-oxford.org\/wp-content\/uploads\/2021\/02\/123-216x300.png 216w, https:\/\/grenoble-oxford.org\/wp-content\/uploads\/2021\/02\/123-738x1024.png 738w, https:\/\/grenoble-oxford.org\/wp-content\/uploads\/2021\/02\/123-768x1065.png 768w\" sizes=\"auto, (max-width: 1049px) 100vw, 1049px\" \/>\t\t\t\t\t\t\t\t\t\t\t\t\t\t\t<\/div>\n\t\t\t\t<\/div>\n\t\t\t\t\t<\/div>\n\t\t<\/div>\n\t\t\t\t<div class=\"elementor-column elementor-col-50 elementor-top-column elementor-element elementor-element-70487f40\" data-id=\"70487f40\" data-element_type=\"column\" data-settings=\"{&quot;background_background&quot;:&quot;classic&quot;}\">\n\t\t\t<div class=\"elementor-widget-wrap elementor-element-populated\">\n\t\t\t\t\t\t\t\t<div class=\"elementor-element elementor-element-365cc339 elementor-widget elementor-widget-heading\" data-id=\"365cc339\" data-element_type=\"widget\" data-widget_type=\"heading.default\">\n\t\t\t\t<div class=\"elementor-widget-container\">\n\t\t\t<h2 class=\"elementor-heading-title elementor-size-large\">Alliance Grenoble - Oxford<\/h2>\t\t<\/div>\n\t\t\t\t<\/div>\n\t\t\t\t<section class=\"elementor-section elementor-inner-section elementor-element elementor-element-2b6effd9 elementor-reverse-mobile elementor-section-boxed elementor-section-height-default elementor-section-height-default\" data-id=\"2b6effd9\" data-element_type=\"section\">\n\t\t\t\t\t\t<div class=\"elementor-container elementor-column-gap-default\">\n\t\t\t\t\t<div class=\"elementor-column elementor-col-100 elementor-inner-column elementor-element elementor-element-33bd6ffd\" data-id=\"33bd6ffd\" data-element_type=\"column\" data-settings=\"{&quot;background_background&quot;:&quot;classic&quot;}\">\n\t\t\t<div class=\"elementor-widget-wrap elementor-element-populated\">\n\t\t\t\t\t\t\t\t<div class=\"elementor-element elementor-element-1f322764 elementor-widget elementor-widget-text-editor\" data-id=\"1f322764\" data-element_type=\"widget\" data-widget_type=\"text-editor.default\">\n\t\t\t\t<div class=\"elementor-widget-container\">\n\t\t\t\t\t\t\t<p style=\"font-style: normal; font-variant-caps: normal; margin-bottom: 11px; caret-color: #5a5a5a; color: #5a5a5a; font-family: 'Source Sans Pro'; font-size: 14px;\">L\u2019Alliance Grenoble-Oxford a \u00e9t\u00e9 cr\u00e9\u00e9e en 1993 dans le but de mieux concr\u00e9tiser ce jumelage et d\u2019intensifier les \u00e9changes entre les deux villes en tous domaines (professionnel, \u00e9ducatif, \u00e9conomique, artistique, sportif, social\u2026) sans oublier les indispensables relations d\u2019amiti\u00e9.<\/p><p style=\"font-style: normal; font-variant-caps: normal; margin-bottom: 11px; caret-color: #5a5a5a; color: #5a5a5a; font-family: 'Source Sans Pro'; font-size: 14px;\">Des commissions ouvertes \u00e0 tous s\u2019occupent de chacun de ces domaines, en liaison avec nos homologues de\u00a0<span style=\"font-family: 'Source Sans Pro'; font-size: 14px; font-style: normal; font-variant-caps: normal; text-align: center;\">\u201cThe Oxford-Grenoble Association\u201d.<\/span><\/p><p style=\"font-style: normal; font-variant-caps: normal; margin-bottom: 11px; caret-color: #5a5a5a; color: #5a5a5a; font-family: 'Source Sans Pro'; font-size: 14px;\">\u00a0<\/p><p style=\"font-style: normal; font-variant-caps: normal; margin-bottom: 11px; caret-color: #5a5a5a; color: #5a5a5a; font-family: 'Source Sans Pro'; font-size: 14px;\">Notre Conseil d\u2019Administration, form\u00e9 d\u2019une \u00e9quipe de b\u00e9n\u00e9voles, comprend des Fran\u00e7ais et des anglophones. Il organise un programme d\u2019animations et de\u00a0conf\u00e9rences qui permet aux adh\u00e9rents de se r\u00e9unir r\u00e9guli\u00e8rement et de retrouver la culture et les traditions britanniques.<\/p><p style=\"font-style: normal; font-variant-caps: normal; margin-bottom: 11px; caret-color: #5a5a5a; color: #5a5a5a; font-family: 'Source Sans Pro'; font-size: 14px;\">La \u201cLettre de l\u2019AGO\u201d est publi\u00e9e plusieurs fois par an et adress\u00e9e \u00e0 tous les adh\u00e9rents.<\/p>\t\t\t\t\t\t<\/div>\n\t\t\t\t<\/div>\n\t\t\t\t\t<\/div>\n\t\t<\/div>\n\t\t\t\t\t\t\t<\/div>\n\t\t<\/section>\n\t\t\t\t<section class=\"elementor-section elementor-inner-section elementor-element elementor-element-5e1c901 elementor-section-boxed elementor-section-height-default elementor-section-height-default\" data-id=\"5e1c901\" data-element_type=\"section\">\n\t\t\t\t\t\t<div class=\"elementor-container elementor-column-gap-default\">\n\t\t\t\t\t<div class=\"elementor-column elementor-col-50 elementor-inner-column elementor-element elementor-element-c112c38\" data-id=\"c112c38\" data-element_type=\"column\">\n\t\t\t<div class=\"elementor-widget-wrap elementor-element-populated\">\n\t\t\t\t\t\t\t\t<div class=\"elementor-element elementor-element-d6e2a44 elementor-widget elementor-widget-image\" data-id=\"d6e2a44\" data-element_type=\"widget\" data-widget_type=\"image.default\">\n\t\t\t\t<div class=\"elementor-widget-container\">\n\t\t\t\t\t\t\t\t\t\t\t\t\t\t\t<img loading=\"lazy\" decoding=\"async\" width=\"800\" height=\"533\" src=\"https:\/\/grenoble-oxford.org\/wp-content\/uploads\/2022\/11\/Flag_of_France-1024x682.png\" class=\"attachment-large size-large wp-image-1593\" alt=\"\" srcset=\"https:\/\/grenoble-oxford.org\/wp-content\/uploads\/2022\/11\/Flag_of_France-1024x682.png 1024w, https:\/\/grenoble-oxford.org\/wp-content\/uploads\/2022\/11\/Flag_of_France-300x200.png 300w, https:\/\/grenoble-oxford.org\/wp-content\/uploads\/2022\/11\/Flag_of_France-768x512.png 768w, https:\/\/grenoble-oxford.org\/wp-content\/uploads\/2022\/11\/Flag_of_France-1536x1024.png 1536w, https:\/\/grenoble-oxford.org\/wp-content\/uploads\/2022\/11\/Flag_of_France.png 2000w\" sizes=\"auto, (max-width: 800px) 100vw, 800px\" \/>\t\t\t\t\t\t\t\t\t\t\t\t\t\t\t<\/div>\n\t\t\t\t<\/div>\n\t\t\t\t\t<\/div>\n\t\t<\/div>\n\t\t\t\t<div class=\"elementor-column elementor-col-50 elementor-inner-column elementor-element elementor-element-746a9d7\" data-id=\"746a9d7\" data-element_type=\"column\">\n\t\t\t<div class=\"elementor-widget-wrap elementor-element-populated\">\n\t\t\t\t\t\t\t\t<div class=\"elementor-element elementor-element-5db9825 elementor-widget elementor-widget-image\" data-id=\"5db9825\" data-element_type=\"widget\" data-widget_type=\"image.default\">\n\t\t\t\t<div class=\"elementor-widget-container\">\n\t\t\t\t\t\t\t\t\t\t\t\t\t\t\t<img loading=\"lazy\" decoding=\"async\" width=\"800\" height=\"400\" src=\"https:\/\/grenoble-oxford.org\/wp-content\/uploads\/2022\/11\/1200px-Flag_of_the_United_Kingdom-1024x512.png\" class=\"attachment-large size-large wp-image-1592\" alt=\"\" srcset=\"https:\/\/grenoble-oxford.org\/wp-content\/uploads\/2022\/11\/1200px-Flag_of_the_United_Kingdom-1024x512.png 1024w, https:\/\/grenoble-oxford.org\/wp-content\/uploads\/2022\/11\/1200px-Flag_of_the_United_Kingdom-300x150.png 300w, https:\/\/grenoble-oxford.org\/wp-content\/uploads\/2022\/11\/1200px-Flag_of_the_United_Kingdom-768x384.png 768w, https:\/\/grenoble-oxford.org\/wp-content\/uploads\/2022\/11\/1200px-Flag_of_the_United_Kingdom.png 1200w\" sizes=\"auto, (max-width: 800px) 100vw, 800px\" \/>\t\t\t\t\t\t\t\t\t\t\t\t\t\t\t<\/div>\n\t\t\t\t<\/div>\n\t\t\t\t\t<\/div>\n\t\t<\/div>\n\t\t\t\t\t\t\t<\/div>\n\t\t<\/section>\n\t\t\t\t\t<\/div>\n\t\t<\/div>\n\t\t\t\t\t\t\t<\/div>\n\t\t<\/section>\n\t\t\t\t\t\t\t<\/div>\n\t\t","protected":false},"excerpt":{"rendered":"<p>Alliance Grenoble &#8211; Oxford L\u2019Alliance Grenoble-Oxford a \u00e9t\u00e9 cr\u00e9\u00e9e en 1993 dans le but de mieux concr\u00e9tiser ce jumelage et<\/p>\n","protected":false},"author":1,"featured_media":0,"parent":0,"menu_order":0,"comment_status":"closed","ping_status":"closed","template":"template-page-builder-no-sidebar.php","meta":{"footnotes":""},"class_list":["post-82","page","type-page","status-publish","hentry"],"yoast_head":"<!-- This site is optimized with the Yoast SEO plugin v21.9.1 - https:\/\/yoast.com\/wordpress\/plugins\/seo\/ -->\n<title>Qui sommes nous ? - Alliance Grenoble Oxford<\/title>\n<meta name=\"robots\" content=\"index, follow, max-snippet:-1, max-image-preview:large, max-video-preview:-1\" \/>\n<link rel=\"canonical\" href=\"https:\/\/grenoble-oxford.org\/index.php\/qui-sommes-nous\/\" \/>\n<meta property=\"og:locale\" content=\"fr_FR\" \/>\n<meta property=\"og:type\" content=\"article\" \/>\n<meta property=\"og:title\" content=\"Qui sommes nous ? - Alliance Grenoble Oxford\" \/>\n<meta property=\"og:description\" content=\"Alliance Grenoble &#8211; Oxford L\u2019Alliance Grenoble-Oxford a \u00e9t\u00e9 cr\u00e9\u00e9e en 1993 dans le but de mieux concr\u00e9tiser ce jumelage et\" \/>\n<meta property=\"og:url\" content=\"https:\/\/grenoble-oxford.org\/index.php\/qui-sommes-nous\/\" \/>\n<meta property=\"og:site_name\" content=\"Alliance Grenoble Oxford\" \/>\n<meta property=\"article:modified_time\" content=\"2022-11-17T14:07:26+00:00\" \/>\n<meta property=\"og:image\" content=\"https:\/\/grenoble-oxford.org\/wp-content\/uploads\/2021\/02\/123.png\" \/>\n<meta name=\"twitter:card\" content=\"summary_large_image\" \/>\n<meta name=\"twitter:label1\" content=\"Dur\u00e9e de lecture estim\u00e9e\" \/>\n\t<meta name=\"twitter:data1\" content=\"2 minutes\" \/>\n<script type=\"application\/ld+json\" class=\"yoast-schema-graph\">{\"@context\":\"https:\/\/schema.org\",\"@graph\":[{\"@type\":\"WebPage\",\"@id\":\"https:\/\/grenoble-oxford.org\/index.php\/qui-sommes-nous\/\",\"url\":\"https:\/\/grenoble-oxford.org\/index.php\/qui-sommes-nous\/\",\"name\":\"Qui sommes nous ? - Alliance Grenoble Oxford\",\"isPartOf\":{\"@id\":\"https:\/\/grenoble-oxford.org\/#website\"},\"datePublished\":\"2021-02-03T15:39:31+00:00\",\"dateModified\":\"2022-11-17T14:07:26+00:00\",\"breadcrumb\":{\"@id\":\"https:\/\/grenoble-oxford.org\/index.php\/qui-sommes-nous\/#breadcrumb\"},\"inLanguage\":\"fr-FR\",\"potentialAction\":[{\"@type\":\"ReadAction\",\"target\":[\"https:\/\/grenoble-oxford.org\/index.php\/qui-sommes-nous\/\"]}]},{\"@type\":\"BreadcrumbList\",\"@id\":\"https:\/\/grenoble-oxford.org\/index.php\/qui-sommes-nous\/#breadcrumb\",\"itemListElement\":[{\"@type\":\"ListItem\",\"position\":1,\"name\":\"Accueil\",\"item\":\"https:\/\/grenoble-oxford.org\/\"},{\"@type\":\"ListItem\",\"position\":2,\"name\":\"Qui sommes nous ?\"}]},{\"@type\":\"WebSite\",\"@id\":\"https:\/\/grenoble-oxford.org\/#website\",\"url\":\"https:\/\/grenoble-oxford.org\/\",\"name\":\"Alliance Grenoble Oxford\",\"description\":\"D\u00e9velopper les \u00e9changes entre Grenoble et Oxford\",\"publisher\":{\"@id\":\"https:\/\/grenoble-oxford.org\/#organization\"},\"potentialAction\":[{\"@type\":\"SearchAction\",\"target\":{\"@type\":\"EntryPoint\",\"urlTemplate\":\"https:\/\/grenoble-oxford.org\/?s={search_term_string}\"},\"query-input\":\"required name=search_term_string\"}],\"inLanguage\":\"fr-FR\"},{\"@type\":\"Organization\",\"@id\":\"https:\/\/grenoble-oxford.org\/#organization\",\"name\":\"Alliance Grenoble Oxford\",\"url\":\"https:\/\/grenoble-oxford.org\/\",\"logo\":{\"@type\":\"ImageObject\",\"inLanguage\":\"fr-FR\",\"@id\":\"https:\/\/grenoble-oxford.org\/#\/schema\/logo\/image\/\",\"url\":\"https:\/\/grenoble-oxford.org\/wp-content\/uploads\/2021\/02\/cropped-ago-logo-e1612359546845.gif\",\"contentUrl\":\"https:\/\/grenoble-oxford.org\/wp-content\/uploads\/2021\/02\/cropped-ago-logo-e1612359546845.gif\",\"width\":120,\"height\":120,\"caption\":\"Alliance Grenoble Oxford\"},\"image\":{\"@id\":\"https:\/\/grenoble-oxford.org\/#\/schema\/logo\/image\/\"}}]}<\/script>\n<!-- \/ Yoast SEO plugin. -->","yoast_head_json":{"title":"Qui sommes nous ? - Alliance Grenoble Oxford","robots":{"index":"index","follow":"follow","max-snippet":"max-snippet:-1","max-image-preview":"max-image-preview:large","max-video-preview":"max-video-preview:-1"},"canonical":"https:\/\/grenoble-oxford.org\/index.php\/qui-sommes-nous\/","og_locale":"fr_FR","og_type":"article","og_title":"Qui sommes nous ? - Alliance Grenoble Oxford","og_description":"Alliance Grenoble &#8211; Oxford L\u2019Alliance Grenoble-Oxford a \u00e9t\u00e9 cr\u00e9\u00e9e en 1993 dans le but de mieux concr\u00e9tiser ce jumelage et","og_url":"https:\/\/grenoble-oxford.org\/index.php\/qui-sommes-nous\/","og_site_name":"Alliance Grenoble Oxford","article_modified_time":"2022-11-17T14:07:26+00:00","og_image":[{"url":"https:\/\/grenoble-oxford.org\/wp-content\/uploads\/2021\/02\/123.png"}],"twitter_card":"summary_large_image","twitter_misc":{"Dur\u00e9e de lecture estim\u00e9e":"2 minutes"},"schema":{"@context":"https:\/\/schema.org","@graph":[{"@type":"WebPage","@id":"https:\/\/grenoble-oxford.org\/index.php\/qui-sommes-nous\/","url":"https:\/\/grenoble-oxford.org\/index.php\/qui-sommes-nous\/","name":"Qui sommes nous ? - Alliance Grenoble Oxford","isPartOf":{"@id":"https:\/\/grenoble-oxford.org\/#website"},"datePublished":"2021-02-03T15:39:31+00:00","dateModified":"2022-11-17T14:07:26+00:00","breadcrumb":{"@id":"https:\/\/grenoble-oxford.org\/index.php\/qui-sommes-nous\/#breadcrumb"},"inLanguage":"fr-FR","potentialAction":[{"@type":"ReadAction","target":["https:\/\/grenoble-oxford.org\/index.php\/qui-sommes-nous\/"]}]},{"@type":"BreadcrumbList","@id":"https:\/\/grenoble-oxford.org\/index.php\/qui-sommes-nous\/#breadcrumb","itemListElement":[{"@type":"ListItem","position":1,"name":"Accueil","item":"https:\/\/grenoble-oxford.org\/"},{"@type":"ListItem","position":2,"name":"Qui sommes nous ?"}]},{"@type":"WebSite","@id":"https:\/\/grenoble-oxford.org\/#website","url":"https:\/\/grenoble-oxford.org\/","name":"Alliance Grenoble Oxford","description":"D\u00e9velopper les \u00e9changes entre Grenoble et Oxford","publisher":{"@id":"https:\/\/grenoble-oxford.org\/#organization"},"potentialAction":[{"@type":"SearchAction","target":{"@type":"EntryPoint","urlTemplate":"https:\/\/grenoble-oxford.org\/?s={search_term_string}"},"query-input":"required name=search_term_string"}],"inLanguage":"fr-FR"},{"@type":"Organization","@id":"https:\/\/grenoble-oxford.org\/#organization","name":"Alliance Grenoble Oxford","url":"https:\/\/grenoble-oxford.org\/","logo":{"@type":"ImageObject","inLanguage":"fr-FR","@id":"https:\/\/grenoble-oxford.org\/#\/schema\/logo\/image\/","url":"https:\/\/grenoble-oxford.org\/wp-content\/uploads\/2021\/02\/cropped-ago-logo-e1612359546845.gif","contentUrl":"https:\/\/grenoble-oxford.org\/wp-content\/uploads\/2021\/02\/cropped-ago-logo-e1612359546845.gif","width":120,"height":120,"caption":"Alliance Grenoble Oxford"},"image":{"@id":"https:\/\/grenoble-oxford.org\/#\/schema\/logo\/image\/"}}]}},"_links":{"self":[{"href":"https:\/\/grenoble-oxford.org\/index.php\/wp-json\/wp\/v2\/pages\/82","targetHints":{"allow":["GET"]}}],"collection":[{"href":"https:\/\/grenoble-oxford.org\/index.php\/wp-json\/wp\/v2\/pages"}],"about":[{"href":"https:\/\/grenoble-oxford.org\/index.php\/wp-json\/wp\/v2\/types\/page"}],"author":[{"embeddable":true,"href":"https:\/\/grenoble-oxford.org\/index.php\/wp-json\/wp\/v2\/users\/1"}],"replies":[{"embeddable":true,"href":"https:\/\/grenoble-oxford.org\/index.php\/wp-json\/wp\/v2\/comments?post=82"}],"version-history":[{"count":17,"href":"https:\/\/grenoble-oxford.org\/index.php\/wp-json\/wp\/v2\/pages\/82\/revisions"}],"predecessor-version":[{"id":1596,"href":"https:\/\/grenoble-oxford.org\/index.php\/wp-json\/wp\/v2\/pages\/82\/revisions\/1596"}],"wp:attachment":[{"href":"https:\/\/grenoble-oxford.org\/index.php\/wp-json\/wp\/v2\/media?parent=82"}],"curies":[{"name":"wp","href":"https:\/\/api.w.org\/{rel}","templated":true}]}}